{"id":1728,"date":"2020-04-02T09:18:20","date_gmt":"2020-04-02T09:18:20","guid":{"rendered":"http:\/\/pluginspoint.com\/geoport\/?page_id=1728"},"modified":"2025-03-02T17:56:12","modified_gmt":"2025-03-02T14:56:12","slug":"faq","status":"publish","type":"page","link":"https:\/\/slsgroup.com.tr\/?page_id=1728","title":{"rendered":"SSS"},"content":{"rendered":"\t\t<div data-elementor-type=\"wp-page\" data-elementor-id=\"1728\" class=\"elementor elementor-1728\">\n\t\t\t\t\t\t<section class=\"elementor-section elementor-top-section elementor-element elementor-element-df6ac65 elementor-section-boxed elementor-section-height-default elementor-section-height-default\" data-id=\"df6ac65\" data-element_type=\"section\">\n\t\t\t\t\t\t<div class=\"elementor-container elementor-column-gap-default\">\n\t\t\t\t\t<div class=\"elementor-column elementor-col-66 elementor-top-column elementor-element elementor-element-2af941a\" data-id=\"2af941a\" data-element_type=\"column\">\n\t\t\t<div class=\"elementor-widget-wrap elementor-element-populated\">\n\t\t\t\t\t\t<div class=\"elementor-element elementor-element-4e890a3 elementor-widget elementor-widget-geoport-accordion\" data-id=\"4e890a3\" data-element_type=\"widget\" data-widget_type=\"geoport-accordion.default\">\n\t\t\t\t<div class=\"elementor-widget-container\">\n\t\t\t\t\t<div class=\"faq-wrapper\">\n   <div class=\"accordion\" id=\"accordionExample69f706989249d\">\n   \t\n      <div class=\"card card-border\">\n         <div class=\"card-header\" id=\"heading248957\">\n            <h5 class=\"mb-0\">\n               <a href=\"#\" class=\"btn-link collapsed\" data-toggle=\"collapse\" data-target=\"#collapse248957\" aria-expanded=\"false\"  aria-controls=\"collapse248957\">\n                  <span>01<\/span>Uluslararas\u0131 nakliyat sigortas\u0131 nedir?<i class=\"open far fa-arrow-up\"><\/i><i class=\"close far fa-arrow-down\"><\/i> \n\n               <\/a>\n            <\/h5>\n         <\/div>\n         <div id=\"collapse248957\" class=\"collapse\" aria-labelledby=\"heading248957\" data-parent=\"#accordionExample69f706989249d\">\n            <div class=\"card-body\">\n               <p>Uluslararas\u0131 nakliyat sigortas\u0131, e\u015fyalar\u0131n\u0131z\u0131n ta\u015f\u0131nmas\u0131 s\u0131ras\u0131nda olu\u015fabilecek hasarlara veya kay\u0131plara kar\u015f\u0131 g\u00fcvence sa\u011flayan bir sigorta t\u00fcr\u00fcd\u00fcr. Ta\u015f\u0131mac\u0131l\u0131k s\u00fcrecinde e\u015fyalar\u0131n\u0131z\u0131 koruma alt\u0131na al\u0131r.<\/p>            <\/div>\n         <\/div>\n      <\/div>\n\n      \n      <div class=\"card card-border\">\n         <div class=\"card-header\" id=\"heading220682\">\n            <h5 class=\"mb-0\">\n               <a href=\"#\" class=\"btn-link collapsed\" data-toggle=\"collapse\" data-target=\"#collapse220682\" aria-expanded=\"false\"  aria-controls=\"collapse220682\">\n                  <span>02<\/span>Ta\u015f\u0131nma s\u00fcreci nas\u0131l i\u015fler?<i class=\"open far fa-arrow-up\"><\/i><i class=\"close far fa-arrow-down\"><\/i> \n\n               <\/a>\n            <\/h5>\n         <\/div>\n         <div id=\"collapse220682\" class=\"collapse\" aria-labelledby=\"heading220682\" data-parent=\"#accordionExample69f706989249d\">\n            <div class=\"card-body\">\n               <p>Ta\u015f\u0131nma s\u00fcreci, \u00f6ncelikle e\u015fyalar\u0131n planlanmas\u0131 ve paketlenmesi ile ba\u015flar. Ard\u0131ndan ta\u015f\u0131ma, g\u00fcmr\u00fck i\u015flemleri ve son olarak yeni adrese teslimat ger\u00e7ekle\u015fir.<\/p>            <\/div>\n         <\/div>\n      <\/div>\n\n      \n      <div class=\"card card-border\">\n         <div class=\"card-header\" id=\"heading914836\">\n            <h5 class=\"mb-0\">\n               <a href=\"#\" class=\"btn-link collapsed\" data-toggle=\"collapse\" data-target=\"#collapse914836\" aria-expanded=\"false\"  aria-controls=\"collapse914836\">\n                  <span>03<\/span>E\u015fyalar\u0131m\u0131 nas\u0131l paketlemeliyim?<i class=\"open far fa-arrow-up\"><\/i><i class=\"close far fa-arrow-down\"><\/i> \n\n               <\/a>\n            <\/h5>\n         <\/div>\n         <div id=\"collapse914836\" class=\"collapse\" aria-labelledby=\"heading914836\" data-parent=\"#accordionExample69f706989249d\">\n            <div class=\"card-body\">\n               <p>E\u015fyalar\u0131n\u0131z\u0131 paketlerken, her bir par\u00e7ay\u0131 dikkatlice ambalajlay\u0131n. K\u0131r\u0131lacak e\u015fyalar i\u00e7in k\u00f6p\u00fck ve baloncuklu naylon kullanarak koruma sa\u011flamal\u0131s\u0131n\u0131z.<\/p>            <\/div>\n         <\/div>\n      <\/div>\n\n      \n      <div class=\"card card-border\">\n         <div class=\"card-header\" id=\"heading494647\">\n            <h5 class=\"mb-0\">\n               <a href=\"#\" class=\"btn-link collapsed\" data-toggle=\"collapse\" data-target=\"#collapse494647\" aria-expanded=\"false\"  aria-controls=\"collapse494647\">\n                  <span>04<\/span>Hangi belgeleri haz\u0131rlamal\u0131y\u0131m?<i class=\"open far fa-arrow-up\"><\/i><i class=\"close far fa-arrow-down\"><\/i> \n\n               <\/a>\n            <\/h5>\n         <\/div>\n         <div id=\"collapse494647\" class=\"collapse\" aria-labelledby=\"heading494647\" data-parent=\"#accordionExample69f706989249d\">\n            <div class=\"card-body\">\n               <p>Ta\u015f\u0131nma s\u00fcrecinde gerekli belgeler aras\u0131nda pasaport, g\u00fcmr\u00fck beyannamesi ve ta\u015f\u0131ma s\u00f6zle\u015fmesi bulunur. Bu belgeleri \u00f6nceden haz\u0131rlamak \u00f6nemlidir.<\/p>            <\/div>\n         <\/div>\n      <\/div>\n\n      \n      <div class=\"card card-border\">\n         <div class=\"card-header\" id=\"heading886241\">\n            <h5 class=\"mb-0\">\n               <a href=\"#\" class=\"btn-link collapsed\" data-toggle=\"collapse\" data-target=\"#collapse886241\" aria-expanded=\"false\"  aria-controls=\"collapse886241\">\n                  <span>05<\/span>Uluslararas\u0131 ta\u015f\u0131mac\u0131l\u0131kta hangi belgeler gereklidir?<i class=\"open far fa-arrow-up\"><\/i><i class=\"close far fa-arrow-down\"><\/i> \n\n               <\/a>\n            <\/h5>\n         <\/div>\n         <div id=\"collapse886241\" class=\"collapse\" aria-labelledby=\"heading886241\" data-parent=\"#accordionExample69f706989249d\">\n            <div class=\"card-body\">\n               <p>Uluslararas\u0131 ta\u015f\u0131mac\u0131l\u0131kta gerekli belgeler aras\u0131nda g\u00fcmr\u00fck beyannamesi, pasaport, ta\u015f\u0131ma s\u00f6zle\u015fmesi ve gerekli sa\u011fl\u0131k belgeleri yer al\u0131r.<\/p>            <\/div>\n         <\/div>\n      <\/div>\n\n      \n      <div class=\"card card-border\">\n         <div class=\"card-header\" id=\"heading836159\">\n            <h5 class=\"mb-0\">\n               <a href=\"#\" class=\"btn-link collapsed\" data-toggle=\"collapse\" data-target=\"#collapse836159\" aria-expanded=\"false\"  aria-controls=\"collapse836159\">\n                  <span>06<\/span>E\u015fyalar\u0131m\u0131n g\u00fcmr\u00fckte bekleme s\u00fcresi ne kadar?<i class=\"open far fa-arrow-up\"><\/i><i class=\"close far fa-arrow-down\"><\/i> \n\n               <\/a>\n            <\/h5>\n         <\/div>\n         <div id=\"collapse836159\" class=\"collapse\" aria-labelledby=\"heading836159\" data-parent=\"#accordionExample69f706989249d\">\n            <div class=\"card-body\">\n               <p>E\u015fyalar\u0131n\u0131z\u0131n g\u00fcmr\u00fckte bekleme s\u00fcresi, \u00fclkeden \u00fclkeye de\u011fi\u015fiklik g\u00f6sterebilir. Genellikle gerekli belgeler eksiksiz oldu\u011funda i\u015flem s\u00fcreci h\u0131zlan\u0131r.<\/p>            <\/div>\n         <\/div>\n      <\/div>\n\n      \n      <div class=\"card card-border\">\n         <div class=\"card-header\" id=\"heading117114\">\n            <h5 class=\"mb-0\">\n               <a href=\"#\" class=\"btn-link collapsed\" data-toggle=\"collapse\" data-target=\"#collapse117114\" aria-expanded=\"false\"  aria-controls=\"collapse117114\">\n                  <span>07<\/span>Ta\u015f\u0131nma s\u0131ras\u0131nda ne gibi riskler bulunuyor?<i class=\"open far fa-arrow-up\"><\/i><i class=\"close far fa-arrow-down\"><\/i> \n\n               <\/a>\n            <\/h5>\n         <\/div>\n         <div id=\"collapse117114\" class=\"collapse\" aria-labelledby=\"heading117114\" data-parent=\"#accordionExample69f706989249d\">\n            <div class=\"card-body\">\n               <p>Ta\u015f\u0131nma s\u0131ras\u0131nda e\u015fyalar\u0131n hasar g\u00f6rmesi, kaybolmas\u0131 veya g\u00fcmr\u00fckte beklemesi gibi riskler bulunmaktad\u0131r. Bu nedenle nakliyat sigortas\u0131 yapt\u0131rmak \u00f6nemlidir.<\/p>            <\/div>\n         <\/div>\n      <\/div>\n\n      \n    <\/div>\n<\/div>\n\n\t\t\t\t<\/div>\n\t\t\t\t<\/div>\n\t\t\t\t\t<\/div>\n\t\t<\/div>\n\t\t\t\t<div class=\"elementor-column elementor-col-33 elementor-top-column elementor-element elementor-element-758eb90\" data-id=\"758eb90\" data-element_type=\"column\">\n\t\t\t<div class=\"elementor-widget-wrap elementor-element-populated\">\n\t\t\t\t\t\t<section class=\"elementor-section elementor-inner-section elementor-element elementor-element-ad83171 elementor-section-boxed elementor-section-height-default elementor-section-height-default\" data-id=\"ad83171\" data-element_type=\"section\" data-settings=\"{&quot;background_background&quot;:&quot;classic&quot;}\">\n\t\t\t\t\t\t<div class=\"elementor-container elementor-column-gap-default\">\n\t\t\t\t\t<div class=\"elementor-column elementor-col-100 elementor-inner-column elementor-element elementor-element-97ed5a0\" data-id=\"97ed5a0\" data-element_type=\"column\">\n\t\t\t<div class=\"elementor-widget-wrap elementor-element-populated\">\n\t\t\t\t\t\t<div class=\"elementor-element elementor-element-1bf3756 elementor-widget elementor-widget-heading\" data-id=\"1bf3756\" data-element_type=\"widget\" data-widget_type=\"heading.default\">\n\t\t\t\t<div class=\"elementor-widget-container\">\n\t\t\t\t\t<span class=\"elementor-heading-title elementor-size-default\">\u0130leti\u015fim<\/span>\t\t\t\t<\/div>\n\t\t\t\t<\/div>\n\t\t\t\t<div class=\"elementor-element elementor-element-8a88ed2 elementor-widget elementor-widget-heading\" data-id=\"8a88ed2\" data-element_type=\"widget\" data-widget_type=\"heading.default\">\n\t\t\t\t<div class=\"elementor-widget-container\">\n\t\t\t\t\t<h2 class=\"elementor-heading-title elementor-size-default\">Teklif Al<\/h2>\t\t\t\t<\/div>\n\t\t\t\t<\/div>\n\t\t\t\t<div class=\"elementor-element elementor-element-affec4c elementor-widget elementor-widget-geoport-button\" data-id=\"affec4c\" data-element_type=\"widget\" data-widget_type=\"geoport-button.default\">\n\t\t\t\t<div class=\"elementor-widget-container\">\n\t\t\t\t\t\t\t<div class=\"geoport-button-wrapper\">\r\n\t\t<a href=\"\" target=\"_blank\" rel=\"nofollow\" class=\"geoport-btn btn\"><i class=\"fas fa-long-arrow-right\">\r\n\t\t\t<\/i>Teklif Al<\/a>\t\t<\/div>\r\n\t\t\t\t\t<\/div>\n\t\t\t\t<\/div>\n\t\t\t\t\t<\/div>\n\t\t<\/div>\n\t\t\t\t\t<\/div>\n\t\t<\/section>\n\t\t\t\t<section class=\"elementor-section elementor-inner-section elementor-element elementor-element-6a448d5 elementor-section-boxed elementor-section-height-default elementor-section-height-default\" data-id=\"6a448d5\" data-element_type=\"section\" data-settings=\"{&quot;background_background&quot;:&quot;classic&quot;}\">\n\t\t\t\t\t\t<div class=\"elementor-container elementor-column-gap-default\">\n\t\t\t\t\t<div class=\"elementor-column elementor-col-100 elementor-inner-column elementor-element elementor-element-d40149a\" data-id=\"d40149a\" data-element_type=\"column\">\n\t\t\t<div class=\"elementor-widget-wrap elementor-element-populated\">\n\t\t\t\t\t\t<div class=\"elementor-element elementor-element-6e7615a elementor-widget elementor-widget-heading\" data-id=\"6e7615a\" data-element_type=\"widget\" data-widget_type=\"heading.default\">\n\t\t\t\t<div class=\"elementor-widget-container\">\n\t\t\t\t\t<span class=\"elementor-heading-title elementor-size-default\">Bize Ula\u015f\u0131n<\/span>\t\t\t\t<\/div>\n\t\t\t\t<\/div>\n\t\t\t\t<div class=\"elementor-element elementor-element-92552e5 elementor-widget elementor-widget-heading\" data-id=\"92552e5\" data-element_type=\"widget\" data-widget_type=\"heading.default\">\n\t\t\t\t<div class=\"elementor-widget-container\">\n\t\t\t\t\t<h2 class=\"elementor-heading-title elementor-size-default\">Mesaj G\u00f6nder<\/h2>\t\t\t\t<\/div>\n\t\t\t\t<\/div>\n\t\t\t\t<div class=\"elementor-element elementor-element-42dff63 faq-side-form elementor-widget elementor-widget-shortcode\" data-id=\"42dff63\" data-element_type=\"widget\" data-widget_type=\"shortcode.default\">\n\t\t\t\t<div class=\"elementor-widget-container\">\n\t\t\t\t\t\t\t<div class=\"elementor-shortcode\">\n<div class=\"wpcf7 no-js\" id=\"wpcf7-f1790-o1\" lang=\"en-US\" dir=\"ltr\" data-wpcf7-id=\"1790\">\n<div class=\"screen-reader-response\"><p role=\"status\" aria-live=\"polite\" aria-atomic=\"true\"><\/p> <ul><\/ul><\/div>\n<form action=\"\/index.php?rest_route=%2Fwp%2Fv2%2Fpages%2F1728#wpcf7-f1790-o1\" method=\"post\" class=\"wpcf7-form init\" aria-label=\"Contact form\" novalidate=\"novalidate\" data-status=\"init\">\n<div style=\"display: none;\">\n<input type=\"hidden\" name=\"_wpcf7\" value=\"1790\" \/>\n<input type=\"hidden\" name=\"_wpcf7_version\" value=\"6.0.4\" \/>\n<input type=\"hidden\" name=\"_wpcf7_locale\" value=\"en_US\" \/>\n<input type=\"hidden\" name=\"_wpcf7_unit_tag\" value=\"wpcf7-f1790-o1\" \/>\n<input type=\"hidden\" name=\"_wpcf7_container_post\" value=\"0\" \/>\n<input type=\"hidden\" name=\"_wpcf7_posted_data_hash\" value=\"\" \/>\n<\/div>\n<div class=\"sidebar-form-group\">\n\t<p><i class=\"fal fa-user\"><\/i><span class=\"wpcf7-form-control-wrap\" data-name=\"your-name\"><input size=\"40\" maxlength=\"400\" class=\"wpcf7-form-control wpcf7-text wpcf7-validates-as-required\" aria-required=\"true\" aria-invalid=\"false\" placeholder=\"Enter name\" value=\"\" type=\"text\" name=\"your-name\" \/><\/span>\n\t<\/p>\n<\/div>\n<div class=\"sidebar-form-group\">\n\t<p><i class=\"fal fa-envelope\"><\/i><span class=\"wpcf7-form-control-wrap\" data-name=\"your-email\"><input size=\"40\" maxlength=\"400\" class=\"wpcf7-form-control wpcf7-email wpcf7-validates-as-required wpcf7-text wpcf7-validates-as-email\" aria-required=\"true\" aria-invalid=\"false\" placeholder=\"Enter email\" value=\"\" type=\"email\" name=\"your-email\" \/><\/span>\n\t<\/p>\n<\/div>\n<div class=\"sidebar-form-group\">\n\t<p><i class=\"fal fa-edit\"><\/i><span class=\"wpcf7-form-control-wrap\" data-name=\"your-message\"><textarea cols=\"40\" rows=\"10\" maxlength=\"2000\" class=\"wpcf7-form-control wpcf7-textarea\" aria-invalid=\"false\" placeholder=\"Enter message\" name=\"your-message\"><\/textarea><\/span>\n\t<\/p>\n<\/div>\n<p><button class=\"btn yellow-btn\">Get A Quote<\/button>\n<\/p><div class=\"wpcf7-response-output\" aria-hidden=\"true\"><\/div>\n<\/form>\n<\/div>\n<\/div>\n\t\t\t\t\t\t<\/div>\n\t\t\t\t<\/div>\n\t\t\t\t\t<\/div>\n\t\t<\/div>\n\t\t\t\t\t<\/div>\n\t\t<\/section>\n\t\t\t\t\t<\/div>\n\t\t<\/div>\n\t\t\t\t\t<\/div>\n\t\t<\/section>\n\t\t\t\t<\/div>\n\t\t","protected":false},"excerpt":{"rendered":"<p>01Uluslararas\u0131 nakliyat sigortas\u0131 nedir? Uluslararas\u0131 nakliyat sigortas\u0131, e\u015fyalar\u0131n\u0131z\u0131n ta\u015f\u0131nmas\u0131 s\u0131ras\u0131nda olu\u015fabilecek hasarlara veya kay\u0131plara kar\u015f\u0131 g\u00fcvence sa\u011flayan bir sigorta t\u00fcr\u00fcd\u00fcr. Ta\u015f\u0131mac\u0131l\u0131k s\u00fcrecinde e\u015fyalar\u0131n\u0131z\u0131 koruma alt\u0131na al\u0131r. 02Ta\u015f\u0131nma s\u00fcreci nas\u0131l i\u015fler? Ta\u015f\u0131nma s\u00fcreci, \u00f6ncelikle e\u015fyalar\u0131n planlanmas\u0131 ve paketlenmesi ile ba\u015flar. Ard\u0131ndan ta\u015f\u0131ma, g\u00fcmr\u00fck i\u015flemleri ve son olarak yeni adrese teslimat ger\u00e7ekle\u015fir. 03E\u015fyalar\u0131m\u0131 nas\u0131l paketlemeliyim? E\u015fyalar\u0131n\u0131z\u0131 paketlerken, [&hellip;]<\/p>\n","protected":false},"author":1,"featured_media":0,"parent":0,"menu_order":0,"comment_status":"closed","ping_status":"closed","template":"page-template\/blank-page-sidebar.php","meta":{"_joinchat":[],"footnotes":""},"class_list":["post-1728","page","type-page","status-publish","hentry"],"_links":{"self":[{"href":"https:\/\/slsgroup.com.tr\/index.php?rest_route=\/wp\/v2\/pages\/1728","targetHints":{"allow":["GET"]}}],"collection":[{"href":"https:\/\/slsgroup.com.tr\/index.php?rest_route=\/wp\/v2\/pages"}],"about":[{"href":"https:\/\/slsgroup.com.tr\/index.php?rest_route=\/wp\/v2\/types\/page"}],"author":[{"embeddable":true,"href":"https:\/\/slsgroup.com.tr\/index.php?rest_route=\/wp\/v2\/users\/1"}],"replies":[{"embeddable":true,"href":"https:\/\/slsgroup.com.tr\/index.php?rest_route=%2Fwp%2Fv2%2Fcomments&post=1728"}],"version-history":[{"count":9,"href":"https:\/\/slsgroup.com.tr\/index.php?rest_route=\/wp\/v2\/pages\/1728\/revisions"}],"predecessor-version":[{"id":3444,"href":"https:\/\/slsgroup.com.tr\/index.php?rest_route=\/wp\/v2\/pages\/1728\/revisions\/3444"}],"wp:attachment":[{"href":"https:\/\/slsgroup.com.tr\/index.php?rest_route=%2Fwp%2Fv2%2Fmedia&parent=1728"}],"curies":[{"name":"wp","href":"https:\/\/api.w.org\/{rel}","templated":true}]}}